{"id":17,"date":"2023-07-12T15:54:58","date_gmt":"2023-07-12T21:54:58","guid":{"rendered":"https:\/\/adsolutamentemedia.com\/?page_id=17"},"modified":"2023-08-21T19:57:39","modified_gmt":"2023-08-22T01:57:39","slug":"inicio","status":"publish","type":"page","link":"https:\/\/adsolutamentemedia.com\/","title":{"rendered":"Inicio"},"content":{"rendered":"\n<div class=\"wp-block-cover alignfull is-light\" style=\"min-height:100vh\"><span aria-hidden=\"true\" class=\"wp-block-cover__background has-background-dim\" style=\"background-color:#e68b14\"><\/span><img decoding=\"async\" loading=\"lazy\" width=\"2048\" height=\"2560\" class=\"wp-block-cover__image-background wp-image-140\" alt=\"Impresionar y seducir\" src=\"https:\/\/adsolutamentemedia.com\/wp-content\/uploads\/2023\/08\/pexels-youngafrikanna-17987491-scaled.jpg\" style=\"object-position:52% 29%\" data-object-fit=\"cover\" data-object-position=\"52% 29%\" srcset=\"https:\/\/adsolutamentemedia.com\/wp-content\/uploads\/2023\/08\/pexels-youngafrikanna-17987491-scaled.jpg 2048w, https:\/\/adsolutamentemedia.com\/wp-content\/uploads\/2023\/08\/pexels-youngafrikanna-17987491-240x300.jpg 240w, https:\/\/adsolutamentemedia.com\/wp-content\/uploads\/2023\/08\/pexels-youngafrikanna-17987491-819x1024.jpg 819w, https:\/\/adsolutamentemedia.com\/wp-content\/uploads\/2023\/08\/pexels-youngafrikanna-17987491-768x960.jpg 768w, https:\/\/adsolutamentemedia.com\/wp-content\/uploads\/2023\/08\/pexels-youngafrikanna-17987491-1229x1536.jpg 1229w, https:\/\/adsolutamentemedia.com\/wp-content\/uploads\/2023\/08\/pexels-youngafrikanna-17987491-1638x2048.jpg 1638w\" sizes=\"(max-width: 2048px) 100vw, 2048px\" \/><div class=\"wp-block-cover__inner-container\">\n<div class=\"wp-block-group is-layout-flex wp-container-7\">\n<div class=\"wp-block-group wp-container-content-3 is-layout-flow wp-container-4\">\n<p class=\"has-text-align-left wp-container-content-1\" style=\"font-size:16px;font-style:normal;font-weight:300;letter-spacing:0px;line-height:1.4;text-decoration:none;text-transform:none\">Si necesita mejorar sus ventas y conseguir m\u00e1s clientes, nosotros tenemos m\u00e9todos adsolutos para ideas atractivas, sabemos como contectar con sus audiencias. Agende su llamada ahora mismo para obtener una asesor\u00eda gratis. <\/p>\n\n\n\n<div class=\"wp-block-buttons is-layout-flex\">\n<div class=\"wp-block-button has-custom-width wp-block-button__width-75 has-custom-font-size is-style-outline\" style=\"font-size:16px;font-style:normal;font-weight:700;letter-spacing:0px;text-decoration:none;text-transform:uppercase\"><a class=\"wp-block-button__link has-white-color has-black-background-color has-text-color has-background wp-element-button\" href=\"https:\/\/api.whatsapp.com\/send\/?phone=%2B50689680178&amp;text&amp;type=phone_number&amp;app_absent=0\" style=\"border-radius:20px;border-top-style:none;border-top-width:0px;border-right-style:none;border-right-width:0px;border-bottom-style:none;border-bottom-width:0px;border-left-style:none;border-left-width:0px;padding-top:6px;padding-right:0px;padding-bottom:6px;padding-left:0px\">asesor\u00eda adsoluta<\/a><\/div>\n<\/div>\n<\/div>\n\n\n\n<div class=\"wp-block-group wp-container-content-5 is-layout-flow wp-container-6\">\n<p class=\"has-text-align-right has-black-color has-text-color\" style=\"margin-top:0;margin-right:0rem;margin-bottom:0rem;margin-left:0rem;font-size:120px;font-style:normal;font-weight:700;letter-spacing:-6px;line-height:0.8;text-transform:uppercase\">ads-<br>oluta<br>mente<\/p>\n\n\n\n<p class=\"has-text-align-right has-white-color has-text-color\" style=\"margin-top:0;margin-right:0;margin-bottom:0;margin-left:0;font-size:120px;font-style:normal;font-weight:700;letter-spacing:-4px;line-height:0.8;text-transform:uppercase\">atrac<br>tivo<\/p>\n<\/div>\n<\/div>\n<\/div><\/div>\n\n\n\n<div class=\"wp-block-media-text alignwide is-stacked-on-mobile\" style=\"grid-template-columns:46% auto\"><figure class=\"wp-block-media-text__media\"><img decoding=\"async\" src=\"https:\/\/adsolutamentemedia.files.wordpress.com\/2023\/06\/2.png\" alt=\"\" class=\"wp-image-8 size-full\"\/><\/figure><div class=\"wp-block-media-text__content\">\n<p class=\"has-text-align-right has-large-font-size\">D\u00e9jenos contar su historia<br>Atraer su audiencia <br>Elevar su marca<\/p>\n<\/div><\/div>\n\n\n\n<div class=\"wp-block-group alignfull has-background-color has-foreground-background-color has-text-color has-background is-layout-constrained\">\n<div class=\"wp-block-group is-layout-constrained\">\n<h2 class=\"wp-block-heading alignwide\" style=\"font-size:42px\">Potencia tu negocio con nuestro Marketing Digital Especializado en Google Ads.<\/h2>\n\n\n\n<div style=\"height:50px\" aria-hidden=\"true\" class=\"wp-block-spacer\"><\/div>\n\n\n\n<div class=\"wp-block-columns alignwide is-layout-flex wp-container-11\">\n<div class=\"wp-block-column is-layout-flow\" style=\"flex-basis:33.33%\">\n<div class=\"wp-block-buttons is-layout-flex\">\n<div class=\"wp-block-button\"><a class=\"wp-block-button__link has-primary-color has-secondary-background-color has-text-color has-background wp-element-button\" href=\"https:\/\/api.whatsapp.com\/send\/?phone=%2B50689680178&amp;text&amp;type=phone_number&amp;app_absent=0\">Cotiza ahora<\/a><\/div>\n<\/div>\n<\/div>\n\n\n\n<div class=\"wp-block-column is-layout-flow\" style=\"flex-basis:66.66%\">\n<p>Campa\u00f1as de Google Ads que impulsan tu negocio &#8211; \u00a1Obt\u00e9n un ROI comprobado!<br>Nuestras Estrategias de PPC generan m\u00e1s clics y conversiones con Palabras Clave Relevantes<\/p>\n<\/div>\n<\/div>\n<\/div>\n\n\n\n<figure class=\"wp-block-image aligncenter size-full has-custom-border is-style-default\"><img decoding=\"async\" src=\"https:\/\/adsolutamentemedia.files.wordpress.com\/2023\/06\/minimizado-serie-temporal.png\" alt=\"\" class=\"wp-image-14\" style=\"border-style:none;border-width:0px;border-radius:10px\"\/><\/figure>\n\n\n\n<div class=\"wp-block-group alignfull is-layout-constrained\">\n<div class=\"wp-block-columns alignwide is-layout-flex wp-container-15\">\n<div class=\"wp-block-column is-layout-flow\" style=\"flex-basis:33.33%\">\n<h2 class=\"wp-block-heading has-large-font-size\">Gesti\u00f3n de campa\u00f1as Profesional<\/h2>\n\n\n\n<p class=\"has-small-font-size\">Nuestro equipo domina la segmentaci\u00f3n de audiencia y crea landing pages efectivas para lograr el m\u00e1ximo impacto<\/p>\n<\/div>\n\n\n\n<div class=\"wp-block-column is-layout-flow\" style=\"flex-basis:66.66%\">\n<figure class=\"wp-block-video\"><video controls src=\"https:\/\/adsolutamentemedia.com\/wp-content\/themes\/twentytwentytwo\/assets\/videos\/birds.mp4\"><\/video><\/figure>\n<\/div>\n<\/div>\n<\/div>\n<\/div>\n\n\n\n<p class=\"has-text-align-center\" style=\"font-size:40px\"><strong>Nuestros Servicios<\/strong><\/p>\n\n\n\n<div class=\"wp-block-columns alignwide is-layout-flex wp-container-24\" style=\"margin-bottom:0\">\n<div class=\"wp-block-column has-text-color has-background has-link-color wp-elements-0309ba5692d8ff62505ce607c385ed39 is-layout-flow\" style=\"color:#000000;background-color:#ffe97d;padding-top:2em;padding-right:2em;padding-bottom:2em;padding-left:2em\">\n<h2 class=\"wp-block-heading\" id=\"single\" style=\"font-size:40px\"><strong>SEO<\/strong><\/h2>\n\n\n\n<p class=\"has-normal-font-size\" style=\"line-height:1.5\"><strong>Nos enfocamos para lograr el m\u00e1ximo retorno de su inversi\u00f3n<\/strong> <\/p>\n\n\n\n<hr class=\"wp-block-separator has-text-color has-css-opacity has-background is-style-wide\" style=\"background-color:#000000;color:#000000\"\/>\n\n\n\n<ul class=\"has-normal-font-size\">\n<li>An\u00e1lisis de Landing Page<\/li>\n\n\n\n<li>Estrategia SEO<\/li>\n\n\n\n<li>Estructura SEO<\/li>\n\n\n\n<li>Keyword Research<\/li>\n\n\n\n<li>Gesti\u00f3n de Tr\u00e1fico<\/li>\n\n\n\n<li>Optimizaci\u00f3n<\/li>\n\n\n\n<li>Copywriting<\/li>\n<\/ul>\n\n\n\n<div class=\"wp-block-buttons alignfull is-horizontal is-content-justification-center is-layout-flex wp-container-18\"><\/div>\n<\/div>\n\n\n\n<div class=\"wp-block-column has-text-color has-background has-link-color wp-elements-a77624c74f45423dfb7c6ceb70f4de81 is-layout-flow\" style=\"color:#000000;background-color:#d1d1e1;padding-top:2em;padding-right:2em;padding-bottom:2em;padding-left:2em\">\n<h2 class=\"wp-block-heading\" id=\"family\" style=\"font-size:40px\"><strong>Paid Media<\/strong><\/h2>\n\n\n\n<p class=\"has-normal-font-size\" style=\"line-height:1.5\"><strong>Gesti\u00f3n y publicidad en Google Ads que impulsa la visibilidad y alcance de su negocio<\/strong> <\/p>\n\n\n\n<hr class=\"wp-block-separator has-css-opacity is-style-wide\"\/>\n\n\n\n<ul class=\"has-normal-font-size\">\n<li>Definici\u00f3n de objetivos<\/li>\n\n\n\n<li>Creaci\u00f3n de Audiencias<\/li>\n\n\n\n<li>Estrategia SEM<\/li>\n\n\n\n<li>Google Ads<\/li>\n\n\n\n<li>Facebook Ads<\/li>\n\n\n\n<li>Remarketing <\/li>\n\n\n\n<li>Optimizacion de campa\u00f1as<\/li>\n<\/ul>\n\n\n\n<div class=\"wp-block-buttons alignfull is-horizontal is-content-justification-center is-layout-flex wp-container-20\"><\/div>\n<\/div>\n\n\n\n<div class=\"wp-block-column has-text-color has-background has-link-color wp-elements-32d2eff473cd119d3b749986f233d69f is-layout-flow\" style=\"color:#000000;background-color:#c0ebf1;padding-top:2em;padding-right:2em;padding-bottom:2em;padding-left:2em\">\n<h2 class=\"wp-block-heading\" id=\"patron\" style=\"font-size:40px\"><strong>Branding<\/strong><\/h2>\n\n\n\n<p class=\"has-normal-font-size\"><strong>Posicionamos su marca para dar originalidad y mejorar su imagen<\/strong><\/p>\n\n\n\n<hr class=\"wp-block-separator has-css-opacity is-style-wide\"\/>\n\n\n\n<ul class=\"has-normal-font-size\">\n<li>Naming<\/li>\n\n\n\n<li>Logotipos<\/li>\n\n\n\n<li>Dise\u00f1o Web<\/li>\n\n\n\n<li>Estrategia de Marca<\/li>\n\n\n\n<li>Creacion de contenido<\/li>\n\n\n\n<li>Preproducci\u00f3n, producci\u00f3n y postproducci\u00f3n<\/li>\n<\/ul>\n\n\n\n<div class=\"wp-block-buttons alignfull is-horizontal is-content-justification-center is-layout-flex wp-container-22\"><\/div>\n<\/div>\n<\/div>\n\n\n\n<hr class=\"wp-block-separator has-text-color has-css-opacity has-background alignfull is-style-wide\" style=\"background-color:#e5e5e5;color:#e5e5e5\"\/>\n\n\n\n<p class=\"has-background-color has-foreground-background-color has-text-color has-background\">Conectamos marcas con sus clientes con experiencias espec\u00edficas, altamente relevantes y personalizadas. Estamos dirigidos por la audiencia y basados en datos.<\/p>\n\n\n\n<hr class=\"wp-block-separator has-text-color has-base-color has-alpha-channel-opacity has-base-background-color has-background\"\/>\n\n\n\n<div class=\"wp-block-group alignwide is-horizontal is-content-justification-center is-nowrap is-layout-flex wp-container-26\">\n<figure class=\"wp-block-image size-full is-resized is-style-rounded\"><img decoding=\"async\" loading=\"lazy\" src=\"https:\/\/adsolutamentemedia.com\/wp-content\/uploads\/2023\/08\/WhatsApp-Image-2023-08-04-at-10.11.11-PM.jpeg\" alt=\"\" class=\"wp-image-80\" width=\"-774\" height=\"-765\" srcset=\"https:\/\/adsolutamentemedia.com\/wp-content\/uploads\/2023\/08\/WhatsApp-Image-2023-08-04-at-10.11.11-PM.jpeg 569w, https:\/\/adsolutamentemedia.com\/wp-content\/uploads\/2023\/08\/WhatsApp-Image-2023-08-04-at-10.11.11-PM-300x297.jpeg 300w\" sizes=\"(max-width: 569px) 100vw, 569px\" \/><\/figure>\n\n\n\n<div class=\"wp-block-group is-vertical is-layout-flex wp-container-25\">\n<p class=\"has-large-font-size\"><em>\u201cLiteralmente la \u00abvara\u00bb (publicidad) se paga sola con todo lo que genera.\u201d<\/em><\/p>\n\n\n\n<p class=\"has-small-font-size\">&#8211; Priscilla de <a href=\"https:\/\/viajaconpricr.com\/\" data-type=\"URL\" data-id=\"https:\/\/viajaconpricr.com\/\">Viaja con Pri<\/a><\/p>\n<\/div>\n<\/div>\n\n\n\n<h2 class=\"wp-block-heading has-text-align-center has-luminous-vivid-amber-background-color has-background has-medium-font-size\">Si deseas aumentar tus ventas con campa\u00f1as de pago por clic (PPC) \u00a1cont\u00e1ctanos hoy mismo para una consulta gratuita!<\/h2>\n\n\n\n<div class=\"wp-block-group is-layout-constrained\"><style id=\"wpforms-css-vars-root\">\n\t\t\t\t:root {\n\t\t\t\t\t--wpforms-field-border-radius: 3px;\n--wpforms-field-background-color: #ffffff;\n--wpforms-field-border-color: rgba( 0, 0, 0, 0.25 );\n--wpforms-field-text-color: rgba( 0, 0, 0, 0.7 );\n--wpforms-label-color: rgba( 0, 0, 0, 0.85 );\n--wpforms-label-sublabel-color: rgba( 0, 0, 0, 0.55 );\n--wpforms-label-error-color: #d63637;\n--wpforms-button-border-radius: 3px;\n--wpforms-button-background-color: #066aab;\n--wpforms-button-text-color: #ffffff;\n--wpforms-field-size-input-height: 43px;\n--wpforms-field-size-input-spacing: 15px;\n--wpforms-field-size-font-size: 16px;\n--wpforms-field-size-line-height: 19px;\n--wpforms-field-size-padding-h: 14px;\n--wpforms-field-size-checkbox-size: 16px;\n--wpforms-field-size-sublabel-spacing: 5px;\n--wpforms-field-size-icon-size: 1;\n--wpforms-label-size-font-size: 16px;\n--wpforms-label-size-line-height: 19px;\n--wpforms-label-size-sublabel-font-size: 14px;\n--wpforms-label-size-sublabel-line-height: 17px;\n--wpforms-button-size-font-size: 17px;\n--wpforms-button-size-height: 41px;\n--wpforms-button-size-padding-h: 15px;\n--wpforms-button-size-margin-top: 10px;\n\n\t\t\t\t}\n\t\t\t<\/style><div class=\"wpforms-container wpforms-container-full wpforms-block wpforms-block-2abb138f-cf30-4010-bae6-59ff41a6826d wpforms-render-modern\" id=\"wpforms-34\"><form id=\"wpforms-form-34\" class=\"wpforms-validate wpforms-form wpforms-ajax-form\" data-formid=\"34\" method=\"post\" enctype=\"multipart\/form-data\" action=\"\/index.php\/wp-json\/wp\/v2\/pages\/17\" data-token=\"26478c8ee773057bd7e62ff9a130efec\"><noscript class=\"wpforms-error-noscript\">Por favor, activa JavaScript en tu navegador para completar este formulario.<\/noscript><div class=\"wpforms-hidden\" id=\"wpforms-error-noscript\">Por favor, activa JavaScript en tu navegador para completar este formulario.<\/div><div class=\"wpforms-field-container\"><div id=\"wpforms-34-field_0-container\" class=\"wpforms-field wpforms-field-name\" data-field-id=\"0\"><fieldset><legend class=\"wpforms-field-label\">Nombre <span class=\"wpforms-required-label\" aria-hidden=\"true\">*<\/span><\/legend><div class=\"wpforms-field-row wpforms-field-medium\"><div class=\"wpforms-field-row-block wpforms-first wpforms-one-half\"><input type=\"text\" id=\"wpforms-34-field_0\" class=\"wpforms-field-name-first wpforms-field-required\" name=\"wpforms[fields][0][first]\" aria-errormessage=\"wpforms-34-field_0-error\" required><label for=\"wpforms-34-field_0\" class=\"wpforms-field-sublabel after \">Nombre<\/label><\/div><div class=\"wpforms-field-row-block wpforms-one-half\"><input type=\"text\" id=\"wpforms-34-field_0-last\" class=\"wpforms-field-name-last wpforms-field-required\" name=\"wpforms[fields][0][last]\" aria-errormessage=\"wpforms-34-field_0-last-error\" required><label for=\"wpforms-34-field_0-last\" class=\"wpforms-field-sublabel after \">Apellidos<\/label><\/div><\/div><\/fieldset><\/div><div id=\"wpforms-34-field_1-container\" class=\"wpforms-field wpforms-field-email\" data-field-id=\"1\"><label class=\"wpforms-field-label\" for=\"wpforms-34-field_1\">Correo electr\u00f3nico <span class=\"wpforms-required-label\" aria-hidden=\"true\">*<\/span><\/label><input type=\"email\" id=\"wpforms-34-field_1\" class=\"wpforms-field-medium wpforms-field-required\" name=\"wpforms[fields][1]\" spellcheck=\"false\" aria-errormessage=\"wpforms-34-field_1-error\" required><\/div><div id=\"wpforms-34-field_3-container\" class=\"wpforms-field wpforms-field-number\" data-field-id=\"3\"><label class=\"wpforms-field-label\" for=\"wpforms-34-field_3\">Tel\u00e9fono<\/label><input type=\"number\" pattern=\"\\d*\" id=\"wpforms-34-field_3\" class=\"wpforms-field-medium\" name=\"wpforms[fields][3]\" aria-errormessage=\"wpforms-34-field_3-error\" ><\/div><div id=\"wpforms-34-field_5-container\" class=\"wpforms-field wpforms-field-text\" data-field-id=\"5\"><label class=\"wpforms-field-label\" for=\"wpforms-34-field_5\">Mensaje<\/label><input type=\"text\" id=\"wpforms-34-field_5\" class=\"wpforms-field-medium\" name=\"wpforms[fields][5]\" aria-errormessage=\"wpforms-34-field_5-error\" ><\/div><\/div><!-- .wpforms-field-container --><div class=\"wpforms-submit-container\" ><input type=\"hidden\" name=\"wpforms[id]\" value=\"34\"><input type=\"hidden\" name=\"wpforms[author]\" value=\"1\"><button type=\"submit\" name=\"wpforms[submit]\" id=\"wpforms-submit-34\" class=\"wpforms-submit\" data-alt-text=\"Enviando...\" data-submit-text=\"Enviar\" aria-live=\"assertive\" value=\"wpforms-submit\">Enviar<\/button><img decoding=\"async\" loading=\"lazy\" src=\"https:\/\/adsolutamentemedia.com\/wp-content\/plugins\/wpforms-lite\/assets\/images\/submit-spin.svg\" class=\"wpforms-submit-spinner\" style=\"display: none;\" width=\"26\" height=\"26\" alt=\"Cargando\"><\/div><\/form><\/div>  <!-- .wpforms-container --><\/div>\n","protected":false},"excerpt":{"rendered":"<p>D\u00e9jenos contar su historiaAtraer su audiencia Elevar su marca Potencia tu negocio con nuestro Marketing Digital Especializado en Google Ads. Campa\u00f1as de Google Ads que impulsan tu negocio &#8211; \u00a1Obt\u00e9n un ROI comprobado!Nuestras Estrategias de PPC generan m\u00e1s clics y conversiones con Palabras Clave Relevantes Gesti\u00f3n de campa\u00f1as Profesional Nuestro equipo domina la segmentaci\u00f3n de [&hellip;]<\/p>\n","protected":false},"author":1,"featured_media":0,"parent":0,"menu_order":0,"comment_status":"closed","ping_status":"closed","template":"","meta":[],"yoast_head":"<!-- This site is optimized with the Yoast SEO plugin v20.11 - https:\/\/yoast.com\/wordpress\/plugins\/seo\/ -->\n<title>Inicio<\/title>\n<meta name=\"robots\" content=\"noindex, follow\" \/>\n<meta property=\"og:locale\" content=\"es_ES\" \/>\n<meta property=\"og:type\" content=\"article\" \/>\n<meta property=\"og:title\" content=\"Inicio\" \/>\n<meta property=\"og:description\" content=\"D\u00e9jenos contar su historiaAtraer su audiencia Elevar su marca Potencia tu negocio con nuestro Marketing Digital Especializado en Google Ads. Campa\u00f1as de Google Ads que impulsan tu negocio &#8211; \u00a1Obt\u00e9n un ROI comprobado!Nuestras Estrategias de PPC generan m\u00e1s clics y conversiones con Palabras Clave Relevantes Gesti\u00f3n de campa\u00f1as Profesional Nuestro equipo domina la segmentaci\u00f3n de [&hellip;]\" \/>\n<meta property=\"og:url\" content=\"https:\/\/adsolutamentemedia.com\/\" \/>\n<meta property=\"og:site_name\" content=\"Adsolutamente Media\" \/>\n<meta property=\"article:modified_time\" content=\"2023-08-22T01:57:39+00:00\" \/>\n<meta property=\"og:image\" content=\"https:\/\/adsolutamentemedia.com\/wp-content\/uploads\/2023\/08\/pexels-youngafrikanna-17987491-scaled.jpg\" \/>\n<meta name=\"twitter:card\" content=\"summary_large_image\" \/>\n<meta name=\"twitter:label1\" content=\"Tiempo de lectura\" \/>\n\t<meta name=\"twitter:data1\" content=\"1 minuto\" \/>\n<script type=\"application\/ld+json\" class=\"yoast-schema-graph\">{\"@context\":\"https:\/\/schema.org\",\"@graph\":[{\"@type\":\"WebPage\",\"@id\":\"https:\/\/adsolutamentemedia.com\/\",\"url\":\"https:\/\/adsolutamentemedia.com\/\",\"name\":\"Inicio\",\"isPartOf\":{\"@id\":\"https:\/\/adsolutamentemedia.com\/#website\"},\"datePublished\":\"2023-07-12T21:54:58+00:00\",\"dateModified\":\"2023-08-22T01:57:39+00:00\",\"breadcrumb\":{\"@id\":\"https:\/\/adsolutamentemedia.com\/#breadcrumb\"},\"inLanguage\":\"es\",\"potentialAction\":[{\"@type\":\"ReadAction\",\"target\":[\"https:\/\/adsolutamentemedia.com\/\"]}]},{\"@type\":\"BreadcrumbList\",\"@id\":\"https:\/\/adsolutamentemedia.com\/#breadcrumb\",\"itemListElement\":[{\"@type\":\"ListItem\",\"position\":1,\"name\":\"Portada\",\"item\":\"https:\/\/adsolutamentemedia.com\/\"},{\"@type\":\"ListItem\",\"position\":2,\"name\":\"Inicio\"}]},{\"@type\":\"WebSite\",\"@id\":\"https:\/\/adsolutamentemedia.com\/#website\",\"url\":\"https:\/\/adsolutamentemedia.com\/\",\"name\":\"Adsolutamente Media\",\"description\":\"Agencia de marketing digital especializada en Google ads\",\"publisher\":{\"@id\":\"https:\/\/adsolutamentemedia.com\/#organization\"},\"potentialAction\":[{\"@type\":\"SearchAction\",\"target\":{\"@type\":\"EntryPoint\",\"urlTemplate\":\"https:\/\/adsolutamentemedia.com\/?s={search_term_string}\"},\"query-input\":\"required name=search_term_string\"}],\"inLanguage\":\"es\"},{\"@type\":\"Organization\",\"@id\":\"https:\/\/adsolutamentemedia.com\/#organization\",\"name\":\"Adsolutamente Media\",\"url\":\"https:\/\/adsolutamentemedia.com\/\",\"logo\":{\"@type\":\"ImageObject\",\"inLanguage\":\"es\",\"@id\":\"https:\/\/adsolutamentemedia.com\/#\/schema\/logo\/image\/\",\"url\":\"https:\/\/adsolutamentemedia.com\/wp-content\/uploads\/2023\/07\/Adsolutamente-Logos.png\",\"contentUrl\":\"https:\/\/adsolutamentemedia.com\/wp-content\/uploads\/2023\/07\/Adsolutamente-Logos.png\",\"width\":500,\"height\":500,\"caption\":\"Adsolutamente Media\"},\"image\":{\"@id\":\"https:\/\/adsolutamentemedia.com\/#\/schema\/logo\/image\/\"}}]}<\/script>\n<!-- \/ Yoast SEO plugin. -->","yoast_head_json":{"title":"Inicio","robots":{"index":"noindex","follow":"follow"},"og_locale":"es_ES","og_type":"article","og_title":"Inicio","og_description":"D\u00e9jenos contar su historiaAtraer su audiencia Elevar su marca Potencia tu negocio con nuestro Marketing Digital Especializado en Google Ads. Campa\u00f1as de Google Ads que impulsan tu negocio &#8211; \u00a1Obt\u00e9n un ROI comprobado!Nuestras Estrategias de PPC generan m\u00e1s clics y conversiones con Palabras Clave Relevantes Gesti\u00f3n de campa\u00f1as Profesional Nuestro equipo domina la segmentaci\u00f3n de [&hellip;]","og_url":"https:\/\/adsolutamentemedia.com\/","og_site_name":"Adsolutamente Media","article_modified_time":"2023-08-22T01:57:39+00:00","og_image":[{"url":"https:\/\/adsolutamentemedia.com\/wp-content\/uploads\/2023\/08\/pexels-youngafrikanna-17987491-scaled.jpg"}],"twitter_card":"summary_large_image","twitter_misc":{"Tiempo de lectura":"1 minuto"},"schema":{"@context":"https:\/\/schema.org","@graph":[{"@type":"WebPage","@id":"https:\/\/adsolutamentemedia.com\/","url":"https:\/\/adsolutamentemedia.com\/","name":"Inicio","isPartOf":{"@id":"https:\/\/adsolutamentemedia.com\/#website"},"datePublished":"2023-07-12T21:54:58+00:00","dateModified":"2023-08-22T01:57:39+00:00","breadcrumb":{"@id":"https:\/\/adsolutamentemedia.com\/#breadcrumb"},"inLanguage":"es","potentialAction":[{"@type":"ReadAction","target":["https:\/\/adsolutamentemedia.com\/"]}]},{"@type":"BreadcrumbList","@id":"https:\/\/adsolutamentemedia.com\/#breadcrumb","itemListElement":[{"@type":"ListItem","position":1,"name":"Portada","item":"https:\/\/adsolutamentemedia.com\/"},{"@type":"ListItem","position":2,"name":"Inicio"}]},{"@type":"WebSite","@id":"https:\/\/adsolutamentemedia.com\/#website","url":"https:\/\/adsolutamentemedia.com\/","name":"Adsolutamente Media","description":"Agencia de marketing digital especializada en Google ads","publisher":{"@id":"https:\/\/adsolutamentemedia.com\/#organization"},"potentialAction":[{"@type":"SearchAction","target":{"@type":"EntryPoint","urlTemplate":"https:\/\/adsolutamentemedia.com\/?s={search_term_string}"},"query-input":"required name=search_term_string"}],"inLanguage":"es"},{"@type":"Organization","@id":"https:\/\/adsolutamentemedia.com\/#organization","name":"Adsolutamente Media","url":"https:\/\/adsolutamentemedia.com\/","logo":{"@type":"ImageObject","inLanguage":"es","@id":"https:\/\/adsolutamentemedia.com\/#\/schema\/logo\/image\/","url":"https:\/\/adsolutamentemedia.com\/wp-content\/uploads\/2023\/07\/Adsolutamente-Logos.png","contentUrl":"https:\/\/adsolutamentemedia.com\/wp-content\/uploads\/2023\/07\/Adsolutamente-Logos.png","width":500,"height":500,"caption":"Adsolutamente Media"},"image":{"@id":"https:\/\/adsolutamentemedia.com\/#\/schema\/logo\/image\/"}}]}},"_links":{"self":[{"href":"https:\/\/adsolutamentemedia.com\/index.php\/wp-json\/wp\/v2\/pages\/17"}],"collection":[{"href":"https:\/\/adsolutamentemedia.com\/index.php\/wp-json\/wp\/v2\/pages"}],"about":[{"href":"https:\/\/adsolutamentemedia.com\/index.php\/wp-json\/wp\/v2\/types\/page"}],"author":[{"embeddable":true,"href":"https:\/\/adsolutamentemedia.com\/index.php\/wp-json\/wp\/v2\/users\/1"}],"replies":[{"embeddable":true,"href":"https:\/\/adsolutamentemedia.com\/index.php\/wp-json\/wp\/v2\/comments?post=17"}],"version-history":[{"count":56,"href":"https:\/\/adsolutamentemedia.com\/index.php\/wp-json\/wp\/v2\/pages\/17\/revisions"}],"predecessor-version":[{"id":174,"href":"https:\/\/adsolutamentemedia.com\/index.php\/wp-json\/wp\/v2\/pages\/17\/revisions\/174"}],"wp:attachment":[{"href":"https:\/\/adsolutamentemedia.com\/index.php\/wp-json\/wp\/v2\/media?parent=17"}],"curies":[{"name":"wp","href":"https:\/\/api.w.org\/{rel}","templated":true}]}}