{"id":10,"date":"2023-07-12T20:57:00","date_gmt":"2023-07-13T02:57:00","guid":{"rendered":"https:\/\/adsolutamentemedia.com\/?page_id=10"},"modified":"2023-08-21T19:59:27","modified_gmt":"2023-08-22T01:59:27","slug":"quienes-somos","status":"publish","type":"page","link":"https:\/\/adsolutamentemedia.com\/index.php\/inicio\/quienes-somos\/","title":{"rendered":"Quienes somos"},"content":{"rendered":"\n<div class=\"wp-block-group alignfull has-text-color has-background is-layout-constrained\" style=\"color:#121212;background-color:#f8f9f9;padding-top:100px;padding-bottom:100px\">\n<div class=\"wp-block-columns alignwide is-layout-flex wp-container-4\">\n<div class=\"wp-block-column is-layout-flow\" style=\"flex-basis:33.33%\">\n<h2 class=\"wp-block-heading\" style=\"margin-top:0px;font-size:37px;line-height:1.2\"><strong>Sobre m\u00ed<br>y el camino que me trajo aqui<\/strong><\/h2>\n\n\n\n<p style=\"font-size:15px;line-height:1.65\">Hola, mi nombre es Jorge y desde peque\u00f1o siempre he querido un lamborghini, asi fue como esperanzado por conseguirlo he entrado en muchas de las \u00aboportunidades de oro\u00bb que se venden por todo internet, perdiendo mucha plata y tiempo en el proceso, fui aprendiendo sobre el valor del dinero y como en realidad este es un premio por el valor que podemos aportarle a la gente, por eso despu\u00e9s de varios fracasos como trader, criptomonedas y \u00abnubes\u00bb o fondos de inversi\u00f3n con ganancias absurdas, termin\u00e9 en una etapa en la que dej\u00e9 de creer en todas esas soluciones m\u00e1gicas y r\u00e1pidas, para aprender sobre nuevas herramientas con las que pudiera dar ese aporte a la gente, asi es como entr\u00e9 en el mundo del marketing digital y me especialic\u00e9 en Google ads, ahora motivado por el sue\u00f1o de peque\u00f1o, impulso negocios de personas con sue\u00f1os tan grandes como los m\u00edos, para que ellos puedan darse a conocer y mejorar sus ventas a trav\u00e9s de nuestro servicio, hoy mi \u00e9xito se basa en cuanto m\u00e1s pueden vender mis clientes gracias a nuestro aporte. Quien quita y pueda cumplir mi sue\u00f1o.<\/p>\n\n\n\n<div class=\"wp-block-buttons is-layout-flex\">\n<div class=\"wp-block-button is-style-outline\"><a class=\"wp-block-button__link has-text-color wp-element-button\" href=\"https:\/\/adsolutamentemedia.com\/index.php\/inicio\/contacto\/\" style=\"color:#1d1d1f\"><strong>Contactenos<\/strong><\/a><\/div>\n<\/div>\n<\/div>\n\n\n\n<div class=\"wp-block-column is-layout-flow\" style=\"flex-basis:66.66%\">\n<figure class=\"wp-block-image size-large\"><img decoding=\"async\" src=\"https:\/\/adsolutamentemedia.files.wordpress.com\/2023\/06\/whatsapp-image-2023-06-15-at-3.08.48-pm-edited.jpeg\" alt=\"\" class=\"wp-image-34\"\/><\/figure>\n<\/div>\n<\/div>\n<\/div>\n","protected":false},"excerpt":{"rendered":"<p>Sobre m\u00edy el camino que me trajo aqui Hola, mi nombre es Jorge y desde peque\u00f1o siempre he querido un lamborghini, asi fue como esperanzado por conseguirlo he entrado en muchas de las \u00aboportunidades de oro\u00bb que se venden por todo internet, perdiendo mucha plata y tiempo en el proceso, fui aprendiendo sobre el valor [&hellip;]<\/p>\n","protected":false},"author":1,"featured_media":0,"parent":17,"menu_order":0,"comment_status":"closed","ping_status":"closed","template":"","meta":[],"yoast_head":"<!-- This site is optimized with the Yoast SEO plugin v20.11 - https:\/\/yoast.com\/wordpress\/plugins\/seo\/ -->\n<title>Quienes somos<\/title>\n<meta name=\"robots\" content=\"noindex, follow\" \/>\n<meta property=\"og:locale\" content=\"es_ES\" \/>\n<meta property=\"og:type\" content=\"article\" \/>\n<meta property=\"og:title\" content=\"Quienes somos\" \/>\n<meta property=\"og:description\" content=\"Sobre m\u00edy el camino que me trajo aqui Hola, mi nombre es Jorge y desde peque\u00f1o siempre he querido un lamborghini, asi fue como esperanzado por conseguirlo he entrado en muchas de las \u00aboportunidades de oro\u00bb que se venden por todo internet, perdiendo mucha plata y tiempo en el proceso, fui aprendiendo sobre el valor [&hellip;]\" \/>\n<meta property=\"og:url\" content=\"https:\/\/adsolutamentemedia.com\/index.php\/inicio\/quienes-somos\/\" \/>\n<meta property=\"og:site_name\" content=\"Adsolutamente Media\" \/>\n<meta property=\"article:modified_time\" content=\"2023-08-22T01:59:27+00:00\" \/>\n<meta property=\"og:image\" content=\"https:\/\/adsolutamentemedia.files.wordpress.com\/2023\/06\/whatsapp-image-2023-06-15-at-3.08.48-pm-edited.jpeg\" \/>\n<meta name=\"twitter:card\" content=\"summary_large_image\" \/>\n<meta name=\"twitter:label1\" content=\"Tiempo de lectura\" \/>\n\t<meta name=\"twitter:data1\" content=\"1 minuto\" \/>\n<script type=\"application\/ld+json\" class=\"yoast-schema-graph\">{\"@context\":\"https:\/\/schema.org\",\"@graph\":[{\"@type\":\"WebPage\",\"@id\":\"https:\/\/adsolutamentemedia.com\/index.php\/inicio\/quienes-somos\/\",\"url\":\"https:\/\/adsolutamentemedia.com\/index.php\/inicio\/quienes-somos\/\",\"name\":\"Quienes somos\",\"isPartOf\":{\"@id\":\"https:\/\/adsolutamentemedia.com\/#website\"},\"datePublished\":\"2023-07-13T02:57:00+00:00\",\"dateModified\":\"2023-08-22T01:59:27+00:00\",\"breadcrumb\":{\"@id\":\"https:\/\/adsolutamentemedia.com\/index.php\/inicio\/quienes-somos\/#breadcrumb\"},\"inLanguage\":\"es\",\"potentialAction\":[{\"@type\":\"ReadAction\",\"target\":[\"https:\/\/adsolutamentemedia.com\/index.php\/inicio\/quienes-somos\/\"]}]},{\"@type\":\"BreadcrumbList\",\"@id\":\"https:\/\/adsolutamentemedia.com\/index.php\/inicio\/quienes-somos\/#breadcrumb\",\"itemListElement\":[{\"@type\":\"ListItem\",\"position\":1,\"name\":\"Portada\",\"item\":\"https:\/\/adsolutamentemedia.com\/\"},{\"@type\":\"ListItem\",\"position\":2,\"name\":\"Inicio\",\"item\":\"https:\/\/adsolutamentemedia.com\/\"},{\"@type\":\"ListItem\",\"position\":3,\"name\":\"Quienes somos\"}]},{\"@type\":\"WebSite\",\"@id\":\"https:\/\/adsolutamentemedia.com\/#website\",\"url\":\"https:\/\/adsolutamentemedia.com\/\",\"name\":\"Adsolutamente Media\",\"description\":\"Agencia de marketing digital especializada en Google ads\",\"publisher\":{\"@id\":\"https:\/\/adsolutamentemedia.com\/#organization\"},\"potentialAction\":[{\"@type\":\"SearchAction\",\"target\":{\"@type\":\"EntryPoint\",\"urlTemplate\":\"https:\/\/adsolutamentemedia.com\/?s={search_term_string}\"},\"query-input\":\"required name=search_term_string\"}],\"inLanguage\":\"es\"},{\"@type\":\"Organization\",\"@id\":\"https:\/\/adsolutamentemedia.com\/#organization\",\"name\":\"Adsolutamente Media\",\"url\":\"https:\/\/adsolutamentemedia.com\/\",\"logo\":{\"@type\":\"ImageObject\",\"inLanguage\":\"es\",\"@id\":\"https:\/\/adsolutamentemedia.com\/#\/schema\/logo\/image\/\",\"url\":\"https:\/\/adsolutamentemedia.com\/wp-content\/uploads\/2023\/07\/Adsolutamente-Logos.png\",\"contentUrl\":\"https:\/\/adsolutamentemedia.com\/wp-content\/uploads\/2023\/07\/Adsolutamente-Logos.png\",\"width\":500,\"height\":500,\"caption\":\"Adsolutamente Media\"},\"image\":{\"@id\":\"https:\/\/adsolutamentemedia.com\/#\/schema\/logo\/image\/\"}}]}<\/script>\n<!-- \/ Yoast SEO plugin. -->","yoast_head_json":{"title":"Quienes somos","robots":{"index":"noindex","follow":"follow"},"og_locale":"es_ES","og_type":"article","og_title":"Quienes somos","og_description":"Sobre m\u00edy el camino que me trajo aqui Hola, mi nombre es Jorge y desde peque\u00f1o siempre he querido un lamborghini, asi fue como esperanzado por conseguirlo he entrado en muchas de las \u00aboportunidades de oro\u00bb que se venden por todo internet, perdiendo mucha plata y tiempo en el proceso, fui aprendiendo sobre el valor [&hellip;]","og_url":"https:\/\/adsolutamentemedia.com\/index.php\/inicio\/quienes-somos\/","og_site_name":"Adsolutamente Media","article_modified_time":"2023-08-22T01:59:27+00:00","og_image":[{"url":"https:\/\/adsolutamentemedia.files.wordpress.com\/2023\/06\/whatsapp-image-2023-06-15-at-3.08.48-pm-edited.jpeg"}],"twitter_card":"summary_large_image","twitter_misc":{"Tiempo de lectura":"1 minuto"},"schema":{"@context":"https:\/\/schema.org","@graph":[{"@type":"WebPage","@id":"https:\/\/adsolutamentemedia.com\/index.php\/inicio\/quienes-somos\/","url":"https:\/\/adsolutamentemedia.com\/index.php\/inicio\/quienes-somos\/","name":"Quienes somos","isPartOf":{"@id":"https:\/\/adsolutamentemedia.com\/#website"},"datePublished":"2023-07-13T02:57:00+00:00","dateModified":"2023-08-22T01:59:27+00:00","breadcrumb":{"@id":"https:\/\/adsolutamentemedia.com\/index.php\/inicio\/quienes-somos\/#breadcrumb"},"inLanguage":"es","potentialAction":[{"@type":"ReadAction","target":["https:\/\/adsolutamentemedia.com\/index.php\/inicio\/quienes-somos\/"]}]},{"@type":"BreadcrumbList","@id":"https:\/\/adsolutamentemedia.com\/index.php\/inicio\/quienes-somos\/#breadcrumb","itemListElement":[{"@type":"ListItem","position":1,"name":"Portada","item":"https:\/\/adsolutamentemedia.com\/"},{"@type":"ListItem","position":2,"name":"Inicio","item":"https:\/\/adsolutamentemedia.com\/"},{"@type":"ListItem","position":3,"name":"Quienes somos"}]},{"@type":"WebSite","@id":"https:\/\/adsolutamentemedia.com\/#website","url":"https:\/\/adsolutamentemedia.com\/","name":"Adsolutamente Media","description":"Agencia de marketing digital especializada en Google ads","publisher":{"@id":"https:\/\/adsolutamentemedia.com\/#organization"},"potentialAction":[{"@type":"SearchAction","target":{"@type":"EntryPoint","urlTemplate":"https:\/\/adsolutamentemedia.com\/?s={search_term_string}"},"query-input":"required name=search_term_string"}],"inLanguage":"es"},{"@type":"Organization","@id":"https:\/\/adsolutamentemedia.com\/#organization","name":"Adsolutamente Media","url":"https:\/\/adsolutamentemedia.com\/","logo":{"@type":"ImageObject","inLanguage":"es","@id":"https:\/\/adsolutamentemedia.com\/#\/schema\/logo\/image\/","url":"https:\/\/adsolutamentemedia.com\/wp-content\/uploads\/2023\/07\/Adsolutamente-Logos.png","contentUrl":"https:\/\/adsolutamentemedia.com\/wp-content\/uploads\/2023\/07\/Adsolutamente-Logos.png","width":500,"height":500,"caption":"Adsolutamente Media"},"image":{"@id":"https:\/\/adsolutamentemedia.com\/#\/schema\/logo\/image\/"}}]}},"_links":{"self":[{"href":"https:\/\/adsolutamentemedia.com\/index.php\/wp-json\/wp\/v2\/pages\/10"}],"collection":[{"href":"https:\/\/adsolutamentemedia.com\/index.php\/wp-json\/wp\/v2\/pages"}],"about":[{"href":"https:\/\/adsolutamentemedia.com\/index.php\/wp-json\/wp\/v2\/types\/page"}],"author":[{"embeddable":true,"href":"https:\/\/adsolutamentemedia.com\/index.php\/wp-json\/wp\/v2\/users\/1"}],"replies":[{"embeddable":true,"href":"https:\/\/adsolutamentemedia.com\/index.php\/wp-json\/wp\/v2\/comments?post=10"}],"version-history":[{"count":5,"href":"https:\/\/adsolutamentemedia.com\/index.php\/wp-json\/wp\/v2\/pages\/10\/revisions"}],"predecessor-version":[{"id":177,"href":"https:\/\/adsolutamentemedia.com\/index.php\/wp-json\/wp\/v2\/pages\/10\/revisions\/177"}],"up":[{"embeddable":true,"href":"https:\/\/adsolutamentemedia.com\/index.php\/wp-json\/wp\/v2\/pages\/17"}],"wp:attachment":[{"href":"https:\/\/adsolutamentemedia.com\/index.php\/wp-json\/wp\/v2\/media?parent=10"}],"curies":[{"name":"wp","href":"https:\/\/api.w.org\/{rel}","templated":true}]}}